{"id":74,"date":"2024-01-01T12:50:25","date_gmt":"2024-01-01T12:50:25","guid":{"rendered":"https:\/\/haldershof.homenet-fn.de\/?page_id=74"},"modified":"2026-04-04T20:52:50","modified_gmt":"2026-04-04T19:52:50","slug":"spielebereich","status":"publish","type":"page","link":"https:\/\/haldershof.homenet-fn.de\/?page_id=74","title":{"rendered":"Spielebereich"},"content":{"rendered":"\n<p>F\u00fcr unsere kleine G\u00e4ste bieten wir im Garten viele M\u00f6glichkeiten<\/p>\n\n\n\n<ul class=\"wp-block-list\">\n<li>Spielhaus mit Rutsche, Spielwerkbank und Spielk\u00fcche<\/li>\n\n\n\n<li>Sandkasten mit Fahrzeugen, Schaufeln, Eimer, &#8230;<\/li>\n\n\n\n<li>Trettraktoren mit Anh\u00e4nger<\/li>\n\n\n\n<li>Bobbycars<\/li>\n\n\n\n<li>Roller<\/li>\n\n\n\n<li>Schaukeln (Nest, einzel oder Kleinkind)<\/li>\n\n\n\n<li>Kettcars unterschiedlicher Gr\u00f6\u00dfe. Zum Teil mit Soziussitz<\/li>\n<\/ul>\n\n\n\n<figure class=\"wp-block-gallery has-nested-images columns-default is-cropped wp-block-gallery-1 is-layout-flex wp-block-gallery-is-layout-flex\"><\/figure>\n","protected":false},"excerpt":{"rendered":"<p>F\u00fcr unsere kleine G\u00e4ste bieten wir im Garten viele M\u00f6glichkeiten<\/p>\n","protected":false},"author":1,"featured_media":0,"parent":0,"menu_order":0,"comment_status":"closed","ping_status":"closed","template":"","meta":{"neve_meta_sidebar":"","neve_meta_container":"","neve_meta_enable_content_width":"","neve_meta_content_width":0,"neve_meta_title_alignment":"","neve_meta_author_avatar":"","neve_post_elements_order":"","neve_meta_disable_header":"","neve_meta_disable_footer":"","neve_meta_disable_title":"","footnotes":""},"class_list":["post-74","page","type-page","status-publish","hentry"],"_links":{"self":[{"href":"https:\/\/haldershof.homenet-fn.de\/index.php?rest_route=\/wp\/v2\/pages\/74","targetHints":{"allow":["GET"]}}],"collection":[{"href":"https:\/\/haldershof.homenet-fn.de\/index.php?rest_route=\/wp\/v2\/pages"}],"about":[{"href":"https:\/\/haldershof.homenet-fn.de\/index.php?rest_route=\/wp\/v2\/types\/page"}],"author":[{"embeddable":true,"href":"https:\/\/haldershof.homenet-fn.de\/index.php?rest_route=\/wp\/v2\/users\/1"}],"replies":[{"embeddable":true,"href":"https:\/\/haldershof.homenet-fn.de\/index.php?rest_route=%2Fwp%2Fv2%2Fcomments&post=74"}],"version-history":[{"count":3,"href":"https:\/\/haldershof.homenet-fn.de\/index.php?rest_route=\/wp\/v2\/pages\/74\/revisions"}],"predecessor-version":[{"id":158,"href":"https:\/\/haldershof.homenet-fn.de\/index.php?rest_route=\/wp\/v2\/pages\/74\/revisions\/158"}],"wp:attachment":[{"href":"https:\/\/haldershof.homenet-fn.de\/index.php?rest_route=%2Fwp%2Fv2%2Fmedia&parent=74"}],"curies":[{"name":"wp","href":"https:\/\/api.w.org\/{rel}","templated":true}]}}