{"id":72,"date":"2024-01-01T12:50:25","date_gmt":"2024-01-01T12:50:25","guid":{"rendered":"https:\/\/haldershof.homenet-fn.de\/?page_id=72"},"modified":"2026-04-04T15:41:00","modified_gmt":"2026-04-04T14:41:00","slug":"obstbau","status":"publish","type":"page","link":"https:\/\/haldershof.homenet-fn.de\/?page_id=72","title":{"rendered":"Obstbau"},"content":{"rendered":"\n<p>Auf unserem Familienbetrieb bauen wir seit 1989 \u00c4pfel und Birnen nach Demeter Richtlinen an. Ende 2021 haben wir die Mitgliedschaft beim Demeterverband gek\u00fcndigt und bauen unser Obst biologisch an (EG-BIO).<\/p>\n\n\n\n<h3 class=\"wp-block-heading\">Selbstpfl\u00fccke<\/h3>\n\n\n\n<p>Unsere leckeren, saftigen und knackigen \u00c4pfel und Birnen k\u00f6nnen Sie je nach Witterung ab <em>Mitte August<\/em> bis <em>Anfang Oktober<\/em> ohne Leiter bei uns pfl\u00fccken.<br><strong>M\u00f6chten Sie in Zukunft eine Ernteinfomail erhalten? Schicken Sie uns einfach eine kurze Nachricht an info@haldershof.de!<\/strong><\/p>\n\n\n\n<p>Es ist ein Erlebnis f\u00fcr die ganze Familie egal ob jung oder alt. Zeigen sie Ihren Kindern woher Ihr Obst kommt. Selbstgepfl\u00fcckt schmeckt es gleich viel besser.<\/p>\n\n\n\n<p>Auf dem Hof stehen Schubkarren zur freien Verf\u00fcgung. In diese k\u00f6nnen sie Ihre Pfl\u00fcckbeh\u00e4ltnisse stellen, und mit Ihren Kindern in aller Ruhe durch die Obstplantage gehen.<br>Kisten bitte selbst mitbringen!<\/p>\n\n\n\n<h3 class=\"wp-block-heading\">Verkauf<\/h3>\n\n\n\n<h4 class=\"wp-block-heading\">\u00d6ffnungszeiten<\/h4>\n\n\n\n<p>W\u00e4hrend der Selbstpfl\u00fccke k\u00f6nnen Sie jederzeit vorbeikommen.<\/p>\n\n\n\n<p>Sollten Sie niemanden pers\u00f6nlich antreffen, k\u00f6nnen Sie sich auch selbst bedienen!<br>Unseren Apfelsaft bekommen Sie auch jederzeit in unserem Verkaufsraum.<\/p>\n\n\n\n<p>Es gibt bei uns zur Selbstpfl\u00fcckezeit unregelm\u00e4\u00dfig auch geerntetes Obst.<br>Im Winter gibt es keinen Obstverkauf mehr.<\/p>\n\n\n\n<h4 class=\"wp-block-heading\">Saft<\/h4>\n\n\n\n<p>Bei uns k\u00f6nnen Sie Apfelsaft in der 5 l Bag in Box kaufen.Die weltweit bekannte Verpackung garantiert unseren Kunden Genuss pur bis zu 90 Tagen nach Anbruch.<br>Apfelsaft erhalten Sie bei uns ganzj\u00e4hrig.<\/p>\n\n\n\n<h3 class=\"wp-block-heading\">Obstsorten und Erntezeitr\u00e4umen<\/h3>\n\n\n\n<figure class=\"wp-block-table\"><table class=\"has-fixed-layout\"><tbody><tr><td>Sorte<\/td><td>Art<\/td><td>Beschreibung<\/td><td>Lagerf\u00e4higkeit<\/td><td>Erntezeitraum<\/td><td>Aktuelle Erntereife<\/td><\/tr><tr><td>Topaz<\/td><td>Apfel<\/td><td><\/td><td><\/td><td><\/td><td><\/td><\/tr><tr><td>Rubinola<\/td><td>Apfel<\/td><td><\/td><td><\/td><td><\/td><td><\/td><\/tr><tr><td>Sansa<\/td><td>Apfel<\/td><td><\/td><td><\/td><td><\/td><td><\/td><\/tr><tr><td>Alurell<\/td><td>Apfel<\/td><td><\/td><td><\/td><td><\/td><td><\/td><\/tr><tr><td>Pilot<\/td><td>Apfel<\/td><td><\/td><td><\/td><td><\/td><td><\/td><\/tr><tr><td>Pinova<\/td><td>Apfel<\/td><td><\/td><td><\/td><td><\/td><td><\/td><\/tr><tr><td>Florina<\/td><td>Apfel<\/td><td><\/td><td><\/td><td><\/td><td><\/td><\/tr><tr><td>Santana<\/td><td>Apfel<\/td><td><\/td><td><\/td><td><\/td><td><\/td><\/tr><tr><td>Novembra<\/td><td>Birne<\/td><td><\/td><td><\/td><td><\/td><td><\/td><\/tr><tr><td>Harrow Delight<\/td><td>Birne<\/td><td><\/td><td><\/td><td><\/td><td><\/td><\/tr><\/tbody><\/table><\/figure>\n\n\n\n<p><\/p>\n","protected":false},"excerpt":{"rendered":"<p>Auf unserem Familienbetrieb bauen wir seit 1989 \u00c4pfel und Birnen nach Demeter Richtlinen an. Ende 2021 haben wir die Mitgliedschaft beim Demeterverband gek\u00fcndigt und bauen unser Obst biologisch an (EG-BIO). Selbstpfl\u00fccke Unsere leckeren, saftigen und knackigen \u00c4pfel und Birnen k\u00f6nnen Sie je nach Witterung ab Mitte August bis Anfang Oktober ohne Leiter bei uns pfl\u00fccken.M\u00f6chten&hellip;&nbsp;<a href=\"https:\/\/haldershof.homenet-fn.de\/?page_id=72\" rel=\"bookmark\">Weiterlesen &raquo;<span class=\"screen-reader-text\">Obstbau<\/span><\/a><\/p>\n","protected":false},"author":1,"featured_media":0,"parent":0,"menu_order":0,"comment_status":"closed","ping_status":"closed","template":"","meta":{"neve_meta_sidebar":"","neve_meta_container":"","neve_meta_enable_content_width":"","neve_meta_content_width":0,"neve_meta_title_alignment":"","neve_meta_author_avatar":"","neve_post_elements_order":"","neve_meta_disable_header":"","neve_meta_disable_footer":"","neve_meta_disable_title":"","footnotes":""},"class_list":["post-72","page","type-page","status-publish","hentry"],"_links":{"self":[{"href":"https:\/\/haldershof.homenet-fn.de\/index.php?rest_route=\/wp\/v2\/pages\/72","targetHints":{"allow":["GET"]}}],"collection":[{"href":"https:\/\/haldershof.homenet-fn.de\/index.php?rest_route=\/wp\/v2\/pages"}],"about":[{"href":"https:\/\/haldershof.homenet-fn.de\/index.php?rest_route=\/wp\/v2\/types\/page"}],"author":[{"embeddable":true,"href":"https:\/\/haldershof.homenet-fn.de\/index.php?rest_route=\/wp\/v2\/users\/1"}],"replies":[{"embeddable":true,"href":"https:\/\/haldershof.homenet-fn.de\/index.php?rest_route=%2Fwp%2Fv2%2Fcomments&post=72"}],"version-history":[{"count":4,"href":"https:\/\/haldershof.homenet-fn.de\/index.php?rest_route=\/wp\/v2\/pages\/72\/revisions"}],"predecessor-version":[{"id":141,"href":"https:\/\/haldershof.homenet-fn.de\/index.php?rest_route=\/wp\/v2\/pages\/72\/revisions\/141"}],"wp:attachment":[{"href":"https:\/\/haldershof.homenet-fn.de\/index.php?rest_route=%2Fwp%2Fv2%2Fmedia&parent=72"}],"curies":[{"name":"wp","href":"https:\/\/api.w.org\/{rel}","templated":true}]}}