{"id":7,"date":"2023-12-31T08:22:50","date_gmt":"2023-12-31T08:22:50","guid":{"rendered":"https:\/\/haldershof.homenet-fn.de\/?page_id=7"},"modified":"2026-04-04T15:51:35","modified_gmt":"2026-04-04T14:51:35","slug":"startseite","status":"publish","type":"page","link":"https:\/\/haldershof.homenet-fn.de\/","title":{"rendered":"Startseite"},"content":{"rendered":"\n<div class=\"wp-block-cover alignfull is-light\" style=\"min-height:340px;aspect-ratio:unset;\"><img loading=\"lazy\" decoding=\"async\" width=\"1080\" height=\"593\" class=\"wp-block-cover__image-background wp-image-29\" alt=\"\" src=\"https:\/\/haldershof.homenet-fn.de\/wp-content\/uploads\/2024\/01\/FB_IMG_1610046961122.jpg\" data-object-fit=\"cover\" srcset=\"https:\/\/haldershof.homenet-fn.de\/wp-content\/uploads\/2024\/01\/FB_IMG_1610046961122.jpg 1080w, https:\/\/haldershof.homenet-fn.de\/wp-content\/uploads\/2024\/01\/FB_IMG_1610046961122-300x165.jpg 300w, https:\/\/haldershof.homenet-fn.de\/wp-content\/uploads\/2024\/01\/FB_IMG_1610046961122-1024x562.jpg 1024w, https:\/\/haldershof.homenet-fn.de\/wp-content\/uploads\/2024\/01\/FB_IMG_1610046961122-768x422.jpg 768w\" sizes=\"auto, (max-width: 1080px) 100vw, 1080px\" \/><span aria-hidden=\"true\" class=\"wp-block-cover__background has-background-dim-0 has-background-dim\"><\/span><div class=\"wp-block-cover__inner-container is-layout-flow wp-block-cover-is-layout-flow\">\n<p class=\"has-text-align-center has-text-color\" style=\"color:#121212;font-size:17px\"><\/p>\n\n\n\n<div class=\"wp-block-buttons is-content-justification-center is-layout-flex wp-container-core-buttons-is-layout-16018d1d wp-block-buttons-is-layout-flex\"><\/div>\n\n\n\n<div style=\"height:80px\" aria-hidden=\"true\" class=\"wp-block-spacer\"><\/div>\n<\/div><\/div>\n\n\n\n<div style=\"height:30px\" aria-hidden=\"true\" class=\"wp-block-spacer\"><\/div>\n\n\n\n<h2 class=\"wp-block-heading\">Herzlich Willkommen auf dem Haldershof<\/h2>\n\n\n\n<p style=\"font-size:14px\"><strong>Auf unserem Familienbetrieb bauen wir seit 1989 \u00c4pfel und Birnen an. Bei uns k\u00f6nnen Sie und Ihre Familie in Ruhe durch die Obstanlage laufen und ohne Leiter das gew\u00fcnschte Obst pfl\u00fccken.<\/strong><\/p>\n\n\n\n<p><\/p>\n\n\n\n<p style=\"font-size:14px\">Ende 2021 haben wir die Mitgliedschaft beim Demeterverband gek\u00fcndigt. Unser Obst ist EG-BIO zertifiziert.<br>Bei uns k\u00f6nnen Sie Ihr Obst selbst vom Baum pfl\u00fccken. Ein Erlebnis f\u00fcr die ganze Familie. Bitte bringen Sie Ihre eigenen Kisten\/T\u00fcten mit. \u00dcber den Erntezeitpunkt informieren wir Sie telefonisch oder \u00fcber social media. Gerne weitersagen und teilen!!<\/p>\n\n\n\n<p style=\"font-size:14px\">Seit Ostern 2017 haben wir im OG eine Ferienwohnung, eine weitere Ferienwohnung (EG) haben wir im Fr\u00fchjahr 2022 er\u00f6ffnet.<\/p>\n\n\n\n<div class=\"wp-block-cover alignfull\" style=\"padding-top:0;padding-right:var(--wp--preset--spacing--30);padding-bottom:0;padding-left:var(--wp--preset--spacing--30)\"><span aria-hidden=\"true\" class=\"wp-block-cover__background has-nv-c-1-background-color has-background-dim-100 has-background-dim\"><\/span><div class=\"wp-block-cover__inner-container is-layout-constrained wp-container-core-cover-is-layout-b32364d6 wp-block-cover-is-layout-constrained\">\n<p class=\"has-text-align-left has-nv-dark-bg-color has-text-color has-link-color has-large-font-size wp-elements-b6fa2b55ea9d9bd359a469e100942236\"><strong>Aktuelles<\/strong><\/p>\n\n\n<ul class=\"wp-block-latest-posts__list has-link-color wp-elements-b5b157fe9ee2390ddf5013b6e0b29510 wp-block-latest-posts\"><li><a class=\"wp-block-latest-posts__post-title\" href=\"https:\/\/haldershof.homenet-fn.de\/?p=1\">Hello world!<\/a><div class=\"wp-block-latest-posts__post-excerpt\">Welcome to WordPress. This is your first post. Edit or delete it, then start writing!<\/div><\/li>\n<\/ul>\n\n\n<p><\/p>\n<\/div><\/div>\n\n\n\n<p><\/p>\n","protected":false},"excerpt":{"rendered":"<p>Herzlich Willkommen auf dem Haldershof Auf unserem Familienbetrieb bauen wir seit 1989 \u00c4pfel und Birnen an. Bei uns k\u00f6nnen Sie und Ihre Familie in Ruhe durch die Obstanlage laufen und ohne Leiter das gew\u00fcnschte Obst pfl\u00fccken. Ende 2021 haben wir die Mitgliedschaft beim Demeterverband gek\u00fcndigt. Unser Obst ist EG-BIO zertifiziert.Bei uns k\u00f6nnen Sie Ihr Obst&hellip;&nbsp;<a href=\"https:\/\/haldershof.homenet-fn.de\/\" rel=\"bookmark\">Weiterlesen &raquo;<span class=\"screen-reader-text\">Startseite<\/span><\/a><\/p>\n","protected":false},"author":1,"featured_media":0,"parent":0,"menu_order":0,"comment_status":"closed","ping_status":"closed","template":"","meta":{"neve_meta_sidebar":"","neve_meta_container":"","neve_meta_enable_content_width":"on","neve_meta_content_width":100,"neve_meta_title_alignment":"","neve_meta_author_avatar":"","neve_post_elements_order":"","neve_meta_disable_header":"","neve_meta_disable_footer":"","neve_meta_disable_title":"on","footnotes":""},"class_list":["post-7","page","type-page","status-publish","hentry"],"_links":{"self":[{"href":"https:\/\/haldershof.homenet-fn.de\/index.php?rest_route=\/wp\/v2\/pages\/7","targetHints":{"allow":["GET"]}}],"collection":[{"href":"https:\/\/haldershof.homenet-fn.de\/index.php?rest_route=\/wp\/v2\/pages"}],"about":[{"href":"https:\/\/haldershof.homenet-fn.de\/index.php?rest_route=\/wp\/v2\/types\/page"}],"author":[{"embeddable":true,"href":"https:\/\/haldershof.homenet-fn.de\/index.php?rest_route=\/wp\/v2\/users\/1"}],"replies":[{"embeddable":true,"href":"https:\/\/haldershof.homenet-fn.de\/index.php?rest_route=%2Fwp%2Fv2%2Fcomments&post=7"}],"version-history":[{"count":23,"href":"https:\/\/haldershof.homenet-fn.de\/index.php?rest_route=\/wp\/v2\/pages\/7\/revisions"}],"predecessor-version":[{"id":145,"href":"https:\/\/haldershof.homenet-fn.de\/index.php?rest_route=\/wp\/v2\/pages\/7\/revisions\/145"}],"wp:attachment":[{"href":"https:\/\/haldershof.homenet-fn.de\/index.php?rest_route=%2Fwp%2Fv2%2Fmedia&parent=7"}],"curies":[{"name":"wp","href":"https:\/\/api.w.org\/{rel}","templated":true}]}}