{"id":61,"date":"2024-01-01T10:51:13","date_gmt":"2024-01-01T10:51:13","guid":{"rendered":"https:\/\/haldershof.homenet-fn.de\/?page_id=61"},"modified":"2026-04-04T16:27:19","modified_gmt":"2026-04-04T15:27:19","slug":"ferienwohnungen","status":"publish","type":"page","link":"https:\/\/haldershof.homenet-fn.de\/?page_id=61","title":{"rendered":"Ferienwohnungen"},"content":{"rendered":"\n<p>Zu Ostern 2017 sind wir mit unserer ersten Ferienwohung im <a href=\"https:\/\/haldershof.homenet-fn.de\/?page_id=73\" data-type=\"page\" data-id=\"73\">Obergeschoss<\/a> gestartet. Seit 2022 bieten wir usere zweite Ferienwohnung im <a href=\"https:\/\/haldershof.homenet-fn.de\/?page_id=67\" data-type=\"page\" data-id=\"67\">Erdgeschoss<\/a> zur Vermietung an.<\/p>\n\n\n\n<p>Beide Wohnung sind ca. 130m\u00b2 gro\u00df und haben einen sehr gro\u00dfen Wohn- und Essbereich mit hochwertiger, gut ausgestateter K\u00fcche. Je Wohnung gibt es ein Bad mit bodengleicher Dusche und ein separates WC. Beide Wohnungen haben drei gro\u00dfe Schlafzimmer. Jeweils zwei Schlafzimmer sind mit einem Doppelbett ausgestatet. Im dritten Schlafzimmer unterscheiden sich die beiden Wohungen:<\/p>\n\n\n\n<ul class=\"wp-block-list\">\n<li>Im Erdgeschoss befindet sich ein Stockbett (1,40m * 2m unten, 1m * 2m oben) und ein weiteres Bett.<\/li>\n\n\n\n<li>Im Obergeschoss befinden sich zwei Einzelbetten und ein Schlafsofa (1,60 m breit) das als Schlafplatz genutzt werden kann.   <\/li>\n<\/ul>\n\n\n\n<p>F\u00fcr unsere ganz kleinen G\u00e4ste bieten wir Ihnen ein Babypaket 20 \u20ac\/Aufenthalt an, dies beinhaltet ein Babybett, alternativ mit Wickelm\u00f6glichkeit, Windeleimer, Hochst\u00fchle, auch mit Newbornaufsatz, Babybadewanne, Babygeschirr, T\u00f6pfchen, Klositz, Laufstall, Beistellbett Babybay, &#8230;.<br>Au\u00dferdem haben wir f\u00fcr die Kleinen einen Rausfallschutz und alternativ zum Gitterbett ein Kinderbett (70&#215;140 cm).<\/p>\n\n\n\n<p>Zu jeder Wohnung geh\u00f6rt eine Terrasse, EG direkt angrenzend, mit Grillm\u00f6glichkeit und diverse Spielm\u00f6glichkeiten in unserem <a href=\"https:\/\/haldershof.homenet-fn.de\/?page_id=74\" data-type=\"page\" data-id=\"74\">Spielebereich<\/a>.<\/p>\n\n\n\n<p>Die Wohnungen liegt abseits vom Verkehr in ruhiger, idyllischer Lage inmitten von Obstb\u00e4umen und Wiesen mit herrlichem Blick in die Berge.<\/p>\n\n\n\n<p>Die Lage ist ideal f\u00fcr Ausfl\u00fcge in die Berge und an den Bodensee. Die Verkehrsanbindung per Auto is sehr gut \u00fcber die 2km entfernte A96 (Lindau &#8211; M\u00fcnchen)<\/p>\n\n\n\n<p>Wir vermieten ab 5 N\u00e4chten, in den Sommerferien und je nach Nachfrage vermieten wir erst ab 7 N\u00e4chten (Samstag bis Samstag). Zur Nebensaison vermieten wir auch schon ab 3 N\u00e4chten. Haustiere sind <strong>AUSNAHMSLOS <\/strong>nicht gestattet.<\/p>\n\n\n\n<p><strong>Preise<\/strong> <strong>2026<\/strong><\/p>\n\n\n\n<ul class=\"wp-block-list\">\n<li>Wohnung OG 125 \u20ac \/ 2 Personen\/NachtWohnung <\/li>\n\n\n\n<li>EG 135 \u20ac \/ 2 Pers.\/Nacht<\/li>\n\n\n\n<li>jede weitere Person&nbsp;20 \u20ac\/Nacht<\/li>\n\n\n\n<li>Kinder bis 2 Jahre pauschal 20 \u20ac (Baby-\/ Kleinkindpaket)<\/li>\n\n\n\n<li>bis 8 Jahre&nbsp;10 \u20ac\/Nacht<\/li>\n\n\n\n<li>bis 16 Jahre&nbsp;13 \u20ac\/Nacht<\/li>\n\n\n\n<li>Preise zzgl. Kurtaxe:\n<ul class=\"wp-block-list\">\n<li>3,20 \u20ac Tag\/Erwachsene<\/li>\n\n\n\n<li>1,20 \u20ac Tag\/Kinder 6-15 Jahre<\/li>\n<\/ul>\n<\/li>\n\n\n\n<li>Endreinigung 110 \u20ac<\/li>\n<\/ul>\n\n\n\n<h3 class=\"wp-block-heading\">Einkaufsm\u00f6glichkeiten<\/h3>\n\n\n\n<p>In Rothkreuz (ca. 3 km) befindet sich ein Lebensmittelgesch\u00e4ft, B\u00e4cker, Metzger&#8230; Nach Lindau sind es etwa 10 km.<\/p>\n\n\n\n<p>Wir freuen uns darauf, Sie als G\u00e4ste bei uns begr\u00fc\u00dfen zu d\u00fcrfen!<\/p>\n\n\n\n<p>F\u00fcr Anfragen oder eine Buchung wenden Sie sich bitte an info@haldershof.de<\/p>\n","protected":false},"excerpt":{"rendered":"<p>Zu Ostern 2017 sind wir mit unserer ersten Ferienwohung im Obergeschoss gestartet. Seit 2022 bieten wir usere zweite Ferienwohnung im Erdgeschoss zur Vermietung an. Beide Wohnung sind ca. 130m\u00b2 gro\u00df und haben einen sehr gro\u00dfen Wohn- und Essbereich mit hochwertiger, gut ausgestateter K\u00fcche. Je Wohnung gibt es ein Bad mit bodengleicher Dusche und ein separates&hellip;&nbsp;<a href=\"https:\/\/haldershof.homenet-fn.de\/?page_id=61\" rel=\"bookmark\">Weiterlesen &raquo;<span class=\"screen-reader-text\">Ferienwohnungen<\/span><\/a><\/p>\n","protected":false},"author":1,"featured_media":0,"parent":0,"menu_order":0,"comment_status":"closed","ping_status":"closed","template":"","meta":{"neve_meta_sidebar":"","neve_meta_container":"","neve_meta_enable_content_width":"","neve_meta_content_width":0,"neve_meta_title_alignment":"","neve_meta_author_avatar":"","neve_post_elements_order":"","neve_meta_disable_header":"","neve_meta_disable_footer":"","neve_meta_disable_title":"","footnotes":""},"class_list":["post-61","page","type-page","status-publish","hentry"],"_links":{"self":[{"href":"https:\/\/haldershof.homenet-fn.de\/index.php?rest_route=\/wp\/v2\/pages\/61","targetHints":{"allow":["GET"]}}],"collection":[{"href":"https:\/\/haldershof.homenet-fn.de\/index.php?rest_route=\/wp\/v2\/pages"}],"about":[{"href":"https:\/\/haldershof.homenet-fn.de\/index.php?rest_route=\/wp\/v2\/types\/page"}],"author":[{"embeddable":true,"href":"https:\/\/haldershof.homenet-fn.de\/index.php?rest_route=\/wp\/v2\/users\/1"}],"replies":[{"embeddable":true,"href":"https:\/\/haldershof.homenet-fn.de\/index.php?rest_route=%2Fwp%2Fv2%2Fcomments&post=61"}],"version-history":[{"count":5,"href":"https:\/\/haldershof.homenet-fn.de\/index.php?rest_route=\/wp\/v2\/pages\/61\/revisions"}],"predecessor-version":[{"id":155,"href":"https:\/\/haldershof.homenet-fn.de\/index.php?rest_route=\/wp\/v2\/pages\/61\/revisions\/155"}],"wp:attachment":[{"href":"https:\/\/haldershof.homenet-fn.de\/index.php?rest_route=%2Fwp%2Fv2%2Fmedia&parent=61"}],"curies":[{"name":"wp","href":"https:\/\/api.w.org\/{rel}","templated":true}]}}